{"id":1888,"date":"2026-03-07T00:36:45","date_gmt":"2026-03-06T23:36:45","guid":{"rendered":"https:\/\/terra.biz-dev.swiss\/impressum\/"},"modified":"2026-03-11T21:16:55","modified_gmt":"2026-03-11T20:16:55","slug":"impressum","status":"publish","type":"page","link":"https:\/\/terra.biz-dev.swiss\/de\/impressum\/","title":{"rendered":"Impressum"},"content":{"rendered":"\t\t<div data-elementor-type=\"wp-page\" data-elementor-id=\"1888\" class=\"elementor elementor-1888 elementor-1701\">\n\t\t\t\t\t\t<section class=\"elementor-section elementor-top-section elementor-element elementor-element-7180f2c elementor-section-boxed elementor-section-height-default elementor-section-height-default\" data-id=\"7180f2c\" data-element_type=\"section\" data-e-type=\"section\" data-settings=\"{&quot;background_background&quot;:&quot;classic&quot;}\">\n\t\t\t\t\t\t\t<div class=\"elementor-background-overlay\"><\/div>\n\t\t\t\t\t\t\t<div class=\"elementor-container elementor-column-gap-default\">\n\t\t\t\t\t<div class=\"elementor-column elementor-col-100 elementor-top-column elementor-element elementor-element-c9e8c5f\" data-id=\"c9e8c5f\" data-element_type=\"column\" data-e-type=\"column\">\n\t\t\t<div class=\"elementor-widget-wrap elementor-element-populated\">\n\t\t\t\t\t\t<section class=\"elementor-section elementor-inner-section elementor-element elementor-element-a6dd535 elementor-section-boxed elementor-section-height-default elementor-section-height-default\" data-id=\"a6dd535\" data-element_type=\"section\" data-e-type=\"section\">\n\t\t\t\t\t\t<div class=\"elementor-container elementor-column-gap-default\">\n\t\t\t\t\t<div class=\"elementor-column elementor-col-100 elementor-inner-column elementor-element elementor-element-cafdaee\" data-id=\"cafdaee\" data-element_type=\"column\" data-e-type=\"column\">\n\t\t\t<div class=\"elementor-widget-wrap elementor-element-populated\">\n\t\t\t\t\t\t<div class=\"elementor-element elementor-element-dc16965 elementor-widget elementor-widget-hub_fancy_heading\" data-id=\"dc16965\" data-element_type=\"widget\" data-e-type=\"widget\" data-widget_type=\"hub_fancy_heading.default\">\n\t\t\t\t<div class=\"elementor-widget-container\">\n\t\t\t\t\t\n\t\t<div id=\"ld-fancy-heading-69dc8fe54ff17\" class=\"ld-fancy-heading pos-rel\">\n\t\t\t<h1 class=\"ld-fh-element d-inline-block pos-rel  elementor-heading-title lqd-highlight-classic lqd-highlight-grow-left h1\"  > Impressum<\/h1>\t\t<\/div>\n\n\t\t\t\t\t\t<\/div>\n\t\t\t\t<\/div>\n\t\t\t\t\t<\/div>\n\t\t<\/div>\n\t\t\t\t\t<\/div>\n\t\t<\/section>\n\t\t\t\t\t<\/div>\n\t\t<\/div>\n\t\t\t\t\t<\/div>\n\t\t<\/section>\n\t\t<div class=\"elementor-element elementor-element-9d3975b e-flex e-con-boxed e-con e-parent\" data-id=\"9d3975b\" data-element_type=\"container\" data-e-type=\"container\">\n\t\t\t\t\t<div class=\"e-con-inner\">\n\t\t\t\t<div class=\"elementor-element elementor-element-d1316ca elementor-widget elementor-widget-text-editor\" data-id=\"d1316ca\" data-element_type=\"widget\" data-e-type=\"widget\" data-widget_type=\"text-editor.default\">\n\t\t\t\t\t\t\t\t\t<h2 data-section-id=\"1p8jlsi\" data-start=\"306\" data-end=\"327\">1. Herausgeber der Website<\/h2><p data-start=\"329\" data-end=\"395\">Die vorliegende Website <a class=\"decorated-link\" href=\"https:\/\/terrafinancial.ch\" target=\"_new\" rel=\"noopener\" data-start=\"354\" data-end=\"379\">https:\/\/terrafinancial.ch<\/a> wird herausgegeben von:<\/p><p data-start=\"397\" data-end=\"490\"><strong data-start=\"397\" data-end=\"441\">Terra Financial &amp; Management Services SA<\/strong><br data-start=\"441\" data-end=\"444\">Avenue Beauregard 1<br data-start=\"463\" data-end=\"466\">1700 Freiburg<br data-start=\"479\" data-end=\"482\">Schweiz<\/p><p data-start=\"492\" data-end=\"525\">Telefon: +41 (0)26 425 44 44<\/p><p data-start=\"527\" data-end=\"699\">Terra Financial &amp; Management Services SA ist eine Gesellschaft schweizerischen Rechts, die auf Finanzdienstleistungen, Verm\u00f6gensverwaltung und Finanzberatung spezialisiert ist.<\/p><hr data-start=\"701\" data-end=\"704\"><h2 data-section-id=\"1qt7e73\" data-start=\"706\" data-end=\"764\">2. Aufsichtsbeh\u00f6rde und regulatorische Konformit\u00e4t<\/h2><p data-start=\"766\" data-end=\"901\">Terra Financial &amp; Management Services SA ist einer anerkannten Aufsichtsorganisation gem\u00e4\u00df schweizerischem Recht angeschlossen.<\/p><p data-start=\"903\" data-end=\"980\"><strong data-start=\"903\" data-end=\"980\">SO-FIT \u2013 Supervisory Organisation for Financial Intermediaries &amp; Trustees<\/strong><\/p><p data-start=\"982\" data-end=\"1100\">SO-FIT ist eine von der Eidgen\u00f6ssischen Finanzmarktaufsicht zugelassene Aufsichtsorganisation:<\/p><p data-start=\"1102\" data-end=\"1158\"><strong data-start=\"1102\" data-end=\"1158\">FINMA \u2013 Eidgen\u00f6ssische Finanzmarktaufsicht<\/strong><\/p><p data-start=\"1160\" data-end=\"1447\">Diese Organisation \u00fcberwacht Verm\u00f6gensverwalter und andere Finanzintermedi\u00e4re gem\u00e4\u00df den Bestimmungen der schweizerischen Gesetzgebung, insbesondere des Finanzinstitutsgesetzes (FINIG) und des Geldw\u00e4schereigesetzes (GwG).<\/p><hr data-start=\"1449\" data-end=\"1452\"><h2 data-section-id=\"1tmswyu\" data-start=\"1454\" data-end=\"1479\">3. Hosting der Website<\/h2><p data-start=\"1481\" data-end=\"1506\">Die Website wird gehostet von:<\/p><p data-start=\"1508\" data-end=\"1597\"><strong data-start=\"1508\" data-end=\"1533\">Infomaniak Network SA<\/strong><br data-start=\"1533\" data-end=\"1536\">Rue Eug\u00e8ne-Marziano 25<br data-start=\"1558\" data-end=\"1561\">1227 Les Acacias (Genf)<br data-start=\"1586\" data-end=\"1589\">Schweiz<\/p><p data-start=\"1599\" data-end=\"1641\">Website: <a class=\"decorated-link\" href=\"https:\/\/www.infomaniak.com\" target=\"_new\" rel=\"noopener\" data-start=\"1615\" data-end=\"1641\">https:\/\/www.infomaniak.com<\/a><\/p><hr data-start=\"1643\" data-end=\"1646\"><h2 data-section-id=\"y1hxyz\" data-start=\"1648\" data-end=\"1687\">4. Erstellung und Entwicklung der Website<\/h2><p data-start=\"1689\" data-end=\"1736\">Die Website wurde konzipiert und entwickelt von:<\/p><p data-start=\"1738\" data-end=\"1828\"><strong data-start=\"1738\" data-end=\"1755\">Biz Dev Swiss<\/strong><br data-start=\"1755\" data-end=\"1758\">Inhaber: Damien HUBERT<br data-start=\"1786\" data-end=\"1789\">Rechtsform: Einzelfirma<\/p><p data-start=\"1830\" data-end=\"1891\">Adresse:<br data-start=\"1839\" data-end=\"1842\">Place de Saint-Gervais 1<br data-start=\"1866\" data-end=\"1869\">1201 Genf<br data-start=\"1880\" data-end=\"1883\">Schweiz<\/p><p data-start=\"1893\" data-end=\"1958\">Unternehmens-Identifikationsnummer (UID): CHE-364.769.257<\/p><p data-start=\"1960\" data-end=\"2021\">E-Mail: <a class=\"decorated-link cursor-pointer\" rel=\"noopener\" data-start=\"1969\" data-end=\"1988\">hello@biz-dev.swiss<\/a><br data-start=\"1988\" data-end=\"1991\">Telefon: +41 78 866 65 06<\/p><hr data-start=\"2023\" data-end=\"2026\"><h2 data-section-id=\"axra8t\" data-start=\"2028\" data-end=\"2058\">5. Geistiges Eigentum<\/h2><p data-start=\"2060\" data-end=\"2279\">S\u00e4mtliche auf dieser Website vorhandenen Inhalte (Texte, Bilder, Grafiken, Logos, Symbole, Dokumente, Struktur und Layout) sind durch schweizerische und internationale Gesetze zum Schutz des geistigen Eigentums gesch\u00fctzt.<\/p><p data-start=\"2281\" data-end=\"2534\">Jegliche Vervielf\u00e4ltigung, Darstellung, \u00c4nderung, Ver\u00f6ffentlichung oder Anpassung aller oder einzelner Elemente der Website, unabh\u00e4ngig vom verwendeten Mittel oder Verfahren, ist ohne vorherige schriftliche Genehmigung von Terra Financial &amp; Management Services SA untersagt.<\/p><hr data-start=\"2536\" data-end=\"2539\"><h2 data-section-id=\"padygw\" data-start=\"2541\" data-end=\"2575\">6. Haftungsbeschr\u00e4nkung<\/h2><p data-start=\"2577\" data-end=\"2658\">Die auf dieser Website verbreiteten Informationen werden ausschlie\u00dflich zu Informationszwecken bereitgestellt.<\/p><p data-start=\"2660\" data-end=\"2877\">Terra Financial &amp; Management Services SA bem\u00fcht sich, m\u00f6glichst pr\u00e4zise Informationen bereitzustellen. Die Gesellschaft kann jedoch weder die Richtigkeit, Vollst\u00e4ndigkeit noch die Aktualit\u00e4t der verbreiteten Informationen garantieren. <\/p><p data-start=\"2879\" data-end=\"3045\">Die Gesellschaft kann nicht f\u00fcr die Verwendung der auf dieser Website verf\u00fcgbaren Informationen oder f\u00fcr direkte oder indirekte Sch\u00e4den, die daraus entstehen k\u00f6nnten, haftbar gemacht werden.<\/p><hr data-start=\"3047\" data-end=\"3050\"><h2 data-section-id=\"17pfsal\" data-start=\"3052\" data-end=\"3097\">7. Kein Angebot oder Finanzberatung<\/h2><p data-start=\"3099\" data-end=\"3301\">Die auf dieser Website enthaltenen Informationen stellen weder ein Angebot noch eine Empfehlung oder Aufforderung zum Kauf oder Verkauf von Finanzinstrumenten oder Anlagedienstleistungen dar.<\/p><p data-start=\"3303\" data-end=\"3436\">Die ver\u00f6ffentlichten Informationen stellen keine Finanz-, Rechts- oder Steuerberatung dar und d\u00fcrfen nicht als solche interpretiert werden.<\/p><p data-start=\"3438\" data-end=\"3520\">Jede Anlage birgt Risiken, insbesondere das Risiko eines Kapitalverlusts.<\/p><hr data-start=\"3522\" data-end=\"3525\"><h2 data-section-id=\"aiizwi\" data-start=\"3527\" data-end=\"3559\">8. Geografische Beschr\u00e4nkungen<\/h2><p data-start=\"3561\" data-end=\"3794\">Die auf dieser Website enthaltenen Informationen richten sich nicht an Personen mit Wohnsitz in Rechtsordnungen, in denen die Verbreitung dieser Informationen oder das Angebot von Finanzdienstleistungen gegen geltende Gesetze oder Vorschriften versto\u00dfen w\u00fcrde.<\/p><p data-start=\"3796\" data-end=\"3968\">Es liegt in der Verantwortung der Nutzer, sich zu vergewissern, dass sie gem\u00e4\u00df der Gesetzgebung ihres Wohnsitzlandes berechtigt sind, auf die auf dieser Website pr\u00e4sentierten Informationen zuzugreifen.<\/p><hr data-start=\"3970\" data-end=\"3973\"><h2 data-section-id=\"n3oq1j\" data-start=\"3975\" data-end=\"4003\">9. Datenschutz<\/h2><p data-start=\"4005\" data-end=\"4158\">Die Verarbeitung der \u00fcber diese Website erhobenen personenbezogenen Daten erfolgt in \u00dcbereinstimmung mit dem <strong data-start=\"4098\" data-end=\"4157\">schweizerischen Bundesgesetz \u00fcber den Datenschutz (DSG)<\/strong>.<\/p><p data-start=\"4160\" data-end=\"4379\">Die \u00fcber Kontaktformulare erhobenen Daten werden ausschlie\u00dflich im Rahmen des Austauschs mit den Nutzern verwendet und ohne vorherige Zustimmung nicht an Dritte weitergegeben, es sei denn, dies ist gesetzlich vorgeschrieben.<\/p><hr data-start=\"4381\" data-end=\"4384\"><h2 data-section-id=\"1aw2coh\" data-start=\"4386\" data-end=\"4407\">10. Externe Links<\/h2><p data-start=\"4409\" data-end=\"4646\">Die Website kann Links zu externen Websites enthalten. Terra Financial &amp; Management Services SA \u00fcbt keine Kontrolle \u00fcber diese Websites aus und lehnt jegliche Verantwortung f\u00fcr deren Inhalte oder Datenschutzrichtlinien ab. <\/p><hr data-start=\"4648\" data-end=\"4651\"><h2 data-section-id=\"1pg9b0g\" data-start=\"4653\" data-end=\"4693\">11. Anwendbares Recht und Gerichtsstand<\/h2><p data-start=\"4695\" data-end=\"4738\">Diese Website unterliegt schweizerischem Recht.<\/p><p data-start=\"4740\" data-end=\"4870\">Jegliche Streitigkeiten im Zusammenhang mit der Nutzung der Website unterliegen der ausschlie\u00dflichen Zust\u00e4ndigkeit der Gerichte des Kantons <strong data-start=\"4848\" data-end=\"4869\">Freiburg (Schweiz)<\/strong>.<\/p>\t\t\t\t\t\t\t\t<\/div>\n\t\t\t\t\t<\/div>\n\t\t\t\t<\/div>\n\t\t\t\t<\/div>\n\t\t","protected":false},"excerpt":{"rendered":"<p>Impressum 1. Herausgeber der Website Die vorliegende Website https:\/\/terrafinancial.ch wird herausgegeben von: Terra Financial &amp; Management Services SAAvenue Beauregard 11700 FreiburgSchweiz Telefon: +41 (0)26 425 44 44 Terra Financial &amp; Management Services SA ist eine Gesellschaft schweizerischen Rechts, die auf Finanzdienstleistungen, Verm\u00f6gensverwaltung und Finanzberatung spezialisiert ist. 2. Aufsichtsbeh\u00f6rde und regulatorische Konformit\u00e4t Terra Financial &amp; Management [&hellip;]<\/p>\n","protected":false},"author":1,"featured_media":0,"parent":0,"menu_order":0,"comment_status":"closed","ping_status":"closed","template":"","meta":{"footnotes":""},"class_list":["post-1888","page","type-page","status-publish","hentry"],"_links":{"self":[{"href":"https:\/\/terra.biz-dev.swiss\/de\/wp-json\/wp\/v2\/pages\/1888","targetHints":{"allow":["GET"]}}],"collection":[{"href":"https:\/\/terra.biz-dev.swiss\/de\/wp-json\/wp\/v2\/pages"}],"about":[{"href":"https:\/\/terra.biz-dev.swiss\/de\/wp-json\/wp\/v2\/types\/page"}],"author":[{"embeddable":true,"href":"https:\/\/terra.biz-dev.swiss\/de\/wp-json\/wp\/v2\/users\/1"}],"replies":[{"embeddable":true,"href":"https:\/\/terra.biz-dev.swiss\/de\/wp-json\/wp\/v2\/comments?post=1888"}],"version-history":[{"count":1,"href":"https:\/\/terra.biz-dev.swiss\/de\/wp-json\/wp\/v2\/pages\/1888\/revisions"}],"predecessor-version":[{"id":1889,"href":"https:\/\/terra.biz-dev.swiss\/de\/wp-json\/wp\/v2\/pages\/1888\/revisions\/1889"}],"wp:attachment":[{"href":"https:\/\/terra.biz-dev.swiss\/de\/wp-json\/wp\/v2\/media?parent=1888"}],"curies":[{"name":"wp","href":"https:\/\/api.w.org\/{rel}","templated":true}]}}