{"id":1838,"date":"2026-03-06T01:09:48","date_gmt":"2026-03-06T00:09:48","guid":{"rendered":"https:\/\/terra.biz-dev.swiss\/expertisen\/"},"modified":"2026-03-11T21:15:00","modified_gmt":"2026-03-11T20:15:00","slug":"expertisen","status":"publish","type":"page","link":"https:\/\/terra.biz-dev.swiss\/de\/expertisen\/","title":{"rendered":"Expertisen"},"content":{"rendered":"\t\t<div data-elementor-type=\"wp-page\" data-elementor-id=\"1838\" class=\"elementor elementor-1838 elementor-1499\">\n\t\t\t\t\t\t<section class=\"elementor-section elementor-top-section elementor-element elementor-element-7180f2c elementor-section-boxed elementor-section-height-default elementor-section-height-default\" data-id=\"7180f2c\" data-element_type=\"section\" data-e-type=\"section\" data-settings=\"{&quot;background_background&quot;:&quot;classic&quot;}\">\n\t\t\t\t\t\t\t<div class=\"elementor-background-overlay\"><\/div>\n\t\t\t\t\t\t\t<div class=\"elementor-container elementor-column-gap-default\">\n\t\t\t\t\t<div class=\"elementor-column elementor-col-100 elementor-top-column elementor-element elementor-element-c9e8c5f\" data-id=\"c9e8c5f\" data-element_type=\"column\" data-e-type=\"column\">\n\t\t\t<div class=\"elementor-widget-wrap elementor-element-populated\">\n\t\t\t\t\t\t<section class=\"elementor-section elementor-inner-section elementor-element elementor-element-a6dd535 elementor-section-boxed elementor-section-height-default elementor-section-height-default\" data-id=\"a6dd535\" data-element_type=\"section\" data-e-type=\"section\">\n\t\t\t\t\t\t<div class=\"elementor-container elementor-column-gap-default\">\n\t\t\t\t\t<div class=\"elementor-column elementor-col-50 elementor-inner-column elementor-element elementor-element-cafdaee\" data-id=\"cafdaee\" data-element_type=\"column\" data-e-type=\"column\">\n\t\t\t<div class=\"elementor-widget-wrap elementor-element-populated\">\n\t\t\t\t\t\t<div class=\"elementor-element elementor-element-dc16965 elementor-widget elementor-widget-hub_fancy_heading\" data-id=\"dc16965\" data-element_type=\"widget\" data-e-type=\"widget\" data-widget_type=\"hub_fancy_heading.default\">\n\t\t\t\t<div class=\"elementor-widget-container\">\n\t\t\t\t\t\n\t\t<div id=\"ld-fancy-heading-69dca3cf31d2f\" class=\"ld-fancy-heading pos-rel\">\n\t\t\t<h1 class=\"ld-fh-element d-inline-block pos-rel  elementor-heading-title lqd-highlight-classic lqd-highlight-grow-left h1\"  > Expertisen<\/h1>\t\t<\/div>\n\n\t\t\t\t\t\t<\/div>\n\t\t\t\t<\/div>\n\t\t\t\t\t<\/div>\n\t\t<\/div>\n\t\t\t\t<div class=\"elementor-column elementor-col-50 elementor-inner-column elementor-element elementor-element-953adbb\" data-id=\"953adbb\" data-element_type=\"column\" data-e-type=\"column\">\n\t\t\t<div class=\"elementor-widget-wrap elementor-element-populated\">\n\t\t\t\t\t\t<div class=\"elementor-element elementor-element-696e1b1 elementor-widget elementor-widget-hub_fancy_heading\" data-id=\"696e1b1\" data-element_type=\"widget\" data-e-type=\"widget\" data-widget_type=\"hub_fancy_heading.default\">\n\t\t\t\t<div class=\"elementor-widget-container\">\n\t\t\t\t\t\n\t\t<div id=\"ld-fancy-heading-69dca3cf32a4a\" class=\"ld-fancy-heading pos-rel\">\n\t\t\t<p class=\"ld-fh-element d-inline-block pos-rel  lqd-highlight-classic lqd-highlight-grow-left p\"  > Eine umfassende Expertise zur Strukturierung, zum Schutz und zur Entwicklung des Verm\u00f6gens.<\/p>\t\t<\/div>\n\n\t\t\t\t\t\t<\/div>\n\t\t\t\t<\/div>\n\t\t\t\t\t<\/div>\n\t\t<\/div>\n\t\t\t\t\t<\/div>\n\t\t<\/section>\n\t\t\t\t\t<\/div>\n\t\t<\/div>\n\t\t\t\t\t<\/div>\n\t\t<\/section>\n\t\t\t\t<section class=\"elementor-section elementor-top-section elementor-element elementor-element-6480851 elementor-section-boxed elementor-section-height-default elementor-section-height-default\" data-id=\"6480851\" data-element_type=\"section\" data-e-type=\"section\">\n\t\t\t\t\t\t<div class=\"elementor-container elementor-column-gap-default\">\n\t\t\t\t\t<div class=\"elementor-column elementor-col-100 elementor-top-column elementor-element elementor-element-3cd5258\" data-id=\"3cd5258\" data-element_type=\"column\" data-e-type=\"column\">\n\t\t\t<div class=\"elementor-widget-wrap elementor-element-populated\">\n\t\t\t\t\t\t<section class=\"elementor-section elementor-inner-section elementor-element elementor-element-dd761a0 elementor-section-boxed elementor-section-height-default elementor-section-height-default elementor-invisible\" data-id=\"dd761a0\" data-element_type=\"section\" data-e-type=\"section\" data-settings=\"{&quot;animation&quot;:&quot;zoomIn&quot;}\">\n\t\t\t\t\t\t<div class=\"elementor-container elementor-column-gap-default\">\n\t\t\t\t\t<div class=\"elementor-column elementor-col-100 elementor-inner-column elementor-element elementor-element-dcb045d\" data-id=\"dcb045d\" data-element_type=\"column\" data-e-type=\"column\">\n\t\t\t<div class=\"elementor-widget-wrap elementor-element-populated\">\n\t\t\t\t\t\t<div class=\"elementor-element elementor-element-2875202 elementor-widget elementor-widget-hub_fancy_heading\" data-id=\"2875202\" data-element_type=\"widget\" data-e-type=\"widget\" data-widget_type=\"hub_fancy_heading.default\">\n\t\t\t\t<div class=\"elementor-widget-container\">\n\t\t\t\t\t\n\t\t<div id=\"ld-fancy-heading-69dca3cf33536\" class=\"ld-fancy-heading pos-rel\">\n\t\t\t<h2 class=\"ld-fh-element d-inline-block pos-rel  elementor-heading-title lqd-highlight-classic lqd-highlight-grow-left h2\"  > Eine Expertise f\u00fcr anspruchsvolle Kunden<\/h2>\t\t<\/div>\n\n\t\t\t\t\t\t<\/div>\n\t\t\t\t<\/div>\n\t\t\t\t\t<\/div>\n\t\t<\/div>\n\t\t\t\t\t<\/div>\n\t\t<\/section>\n\t\t\t\t\t<\/div>\n\t\t<\/div>\n\t\t\t\t\t<\/div>\n\t\t<\/section>\n\t\t<div class=\"elementor-element elementor-element-ddeed90 e-flex e-con-boxed e-con e-parent\" data-id=\"ddeed90\" data-element_type=\"container\" data-e-type=\"container\">\n\t\t\t\t\t<div class=\"e-con-inner\">\n\t\t\t\t<div class=\"elementor-element elementor-element-9941159 elementor-widget elementor-widget-text-editor\" data-id=\"9941159\" data-element_type=\"widget\" data-e-type=\"widget\" data-widget_type=\"text-editor.default\">\n\t\t\t\t\t\t\t\t\t<p style=\"text-align: center;\">Terra Financial &amp; Management Services SA begleitet Privat- und Unternehmerkunden bei der Strukturierung ihrer wichtigsten Finanzentscheidungen.<\/p>\t\t\t\t\t\t\t\t<\/div>\n\t\t\t\t<div class=\"elementor-element elementor-element-275a75c elementor-widget elementor-widget-text-editor\" data-id=\"275a75c\" data-element_type=\"widget\" data-e-type=\"widget\" data-widget_type=\"text-editor.default\">\n\t\t\t\t\t\t\t\t\t<p style=\"text-align: center;\">Entdecken Sie die Bereiche, in denen wir unsere Kunden begleiten.<\/p>\t\t\t\t\t\t\t\t<\/div>\n\t\t\t\t<div class=\"elementor-element elementor-element-7217e3d animated-slow elementor-invisible elementor-widget elementor-widget-text-editor\" data-id=\"7217e3d\" data-element_type=\"widget\" data-e-type=\"widget\" data-settings=\"{&quot;_animation&quot;:&quot;headShake&quot;}\" data-widget_type=\"text-editor.default\">\n\t\t\t\t\t\t\t\t\t<p style=\"text-align: center;\"><strong>Klicken Sie auf die einzelnen Abschnitte, um mehr \u00fcber unsere Expertisen zu erfahren:<\/strong><\/p>\t\t\t\t\t\t\t\t<\/div>\n\t\t\t\t\t<\/div>\n\t\t\t\t<\/div>\n\t\t<div class=\"elementor-element elementor-element-556cdfff e-flex e-con-boxed e-con e-parent\" data-id=\"556cdfff\" data-element_type=\"container\" data-e-type=\"container\">\n\t\t\t\t\t<div class=\"e-con-inner\">\n\t\t<div data-custom-animations=\"true\" data-ca-options=\"{&quot;addChildTimelines&quot;:false,&quot;trigger&quot;:&quot;firstChild&quot;,&quot;animationTarget&quot;:&quot;:scope  &gt; .elementor-element:not(.lqd-exclude-parent-ca) &gt; .elementor-widget-container, :scope  &gt; .elementor-widget-hub_fancy_heading .lqd-split-lines .lqd-lines .split-inner, :scope  &gt; .elementor-widget-hub_fancy_heading .lqd-split-words .lqd-words .split-inner, :scope  &gt; .elementor-widget-hub_fancy_heading .lqd-split-chars .lqd-chars .split-inner, :scope  &gt; .elementor-widget-hub_fancy_heading .lqd-adv-txt-fig, :scope  &gt; .elementor-widget-ld_custom_menu .lqd-fancy-menu &gt; ul &gt; li, :scope .e-con:not([data-parallax]) .elementor-element &gt; .elementor-widget-container, :scope .e-con:not([data-parallax]) .elementor-widget-hub_fancy_heading .lqd-split-lines .lqd-lines .split-inner, :scope .e-con:not([data-parallax]) .elementor-widget-hub_fancy_heading .lqd-split-words .lqd-words .split-inner, :scope .e-con:not([data-parallax]) .elementor-widget-hub_fancy_heading .lqd-split-chars .lqd-chars .split-inner, :scope .e-con:not([data-parallax]) .elementor-widget-ld_custom_menu .lqd-fancy-menu &gt; ul &gt; li&quot;,&quot;duration&quot;:1000,&quot;delay&quot;:100,&quot;ease&quot;:[&quot;power4.out&quot;],&quot;initValues&quot;:{&quot;y&quot;:&quot;30px&quot;,&quot;opacity&quot;:0,&quot;transformOrigin&quot;:&quot;50% 50% 0px&quot;},&quot;animations&quot;:{&quot;y&quot;:&quot;0px&quot;,&quot;opacity&quot;:1,&quot;transformOrigin&quot;:&quot;50% 50% 0px&quot;}}\" class=\"elementor-element elementor-element-32641119 e-con-full e-flex e-con e-child\" data-id=\"32641119\" data-element_type=\"container\" data-e-type=\"container\">\n\t\t\t\t<div class=\"elementor-element elementor-element-25a89bd2 elementor-widget elementor-widget-ld_curtain\" data-id=\"25a89bd2\" data-element_type=\"widget\" data-e-type=\"widget\" data-widget_type=\"ld_curtain.default\">\n\t\t\t\t<div class=\"elementor-widget-container\">\n\t\t\t\t\t\n\t\t<div class=\"lqd-curtain d-flex justify-content-between\" data-curtain-options=\"{&quot;eventTrigger&quot;:&quot;click&quot;}\" data-lqd-curtain=\"true\" style=\"4\">\n\n\t\t\t\n\t\t\t\t<div class=\"lqd-curtain-item d-flex lqd-curtain-item-active elementor-repeater-item-b2489fe\">\n\t\t\t\t\t<h4 class=\"lqd-curtain-item-title d-flex m-0\"><span class=\"lqd-curtain-item-title-inner d-flex align-items-center flex-grow-1 text-vertical\">Verm\u00f6gensverwaltung<\/span><\/h4>\t\t<div class=\"lqd-curtain-item-content d-flex align-items-end\">\n\t\t\t<div class=\"lqd-curtain-item-content-inner\">\n\t\t\t\t<div class=\"lqd-curtain-item-content-width-outer\">\n\t\t\t\t\t<div class=\"lqd-curtain-item-content-width-inner\">\n\t\t\t\t\t\t<h2 data-section-id=\"i4q2uv\" data-start=\"3119\" data-end=\"3143\">Verm\u00f6gensverwaltung<\/h2>\n<p data-start=\"3145\" data-end=\"3230\">Wir sind im Rahmen von Verwaltungs- oder Anlageberatungsmandaten t\u00e4tig.<\/p>\n<h3 data-section-id=\"evcqf6\" data-start=\"3232\" data-end=\"3262\">Unsere Leistungen umfassen:<\/h3>\n<ul data-start=\"3264\" data-end=\"3534\">\n<li data-section-id=\"1d57ktn\" data-start=\"3264\" data-end=\"3332\">\n<p data-start=\"3266\" data-end=\"3332\">Festlegung einer auf das Kundenprofil abgestimmten Asset Allocation<\/p>\n<\/li>\n<li data-section-id=\"dpn14y\" data-start=\"3333\" data-end=\"3378\">\n<p data-start=\"3335\" data-end=\"3378\">Aufbau diversifizierter Portfolios<\/p>\n<\/li>\n<li data-section-id=\"wwex2j\" data-start=\"3379\" data-end=\"3441\">\n<p data-start=\"3381\" data-end=\"3441\">Auswahl von Finanzinstrumenten in offener Architektur<\/p>\n<\/li>\n<li data-section-id=\"2obz7n\" data-start=\"3442\" data-end=\"3488\">\n<p data-start=\"3444\" data-end=\"3488\">Koordination mit Depotbanken<\/p>\n<\/li>\n<li data-section-id=\"v4ei1s\" data-start=\"3489\" data-end=\"3534\">\n<p data-start=\"3491\" data-end=\"3534\">Regelm\u00e4\u00dfiges Reporting und strategisches Monitoring<\/p>\n<\/li>\n<\/ul>\n<p data-start=\"3536\" data-end=\"3644\">Unser Ansatz zielt auf den Kapitalerhalt, die Koh\u00e4renz der Anlagen und die Risikokontrolle ab.<\/p>\n\t\t\t\t\t<\/div>\n\t\t\t\t<\/div>\n\t\t\t<\/div>\n\t\t<\/div>\n\t\t\t\t\t\t<\/div>\n\n\t\t\t\n\t\t\t\t<div class=\"lqd-curtain-item d-flex lqd-curtain-item-inactive elementor-repeater-item-9551831\">\n\t\t\t\t\t<h4 class=\"lqd-curtain-item-title d-flex m-0\"><span class=\"lqd-curtain-item-title-inner d-flex align-items-center flex-grow-1 text-vertical\">Corporate Finance &amp; Strategische Beratung<\/span><\/h4>\t\t<div class=\"lqd-curtain-item-content d-flex align-items-end\">\n\t\t\t<div class=\"lqd-curtain-item-content-inner\">\n\t\t\t\t<div class=\"lqd-curtain-item-content-width-outer\">\n\t\t\t\t\t<div class=\"lqd-curtain-item-content-width-inner\">\n\t\t\t\t\t\t<h2 data-section-id=\"523iv3\" data-start=\"3651\" data-end=\"3693\">Corporate Finance &amp; Strategische Beratung<\/h2>\n<p data-start=\"3695\" data-end=\"3787\">Wir begleiten Unternehmen und F\u00fchrungskr\u00e4fte in den Schl\u00fcsselphasen ihrer Entwicklung:<\/p>\n<ul data-start=\"3789\" data-end=\"3968\">\n<li data-section-id=\"6t8sny\" data-start=\"3789\" data-end=\"3817\">\n<p data-start=\"3791\" data-end=\"3817\">Finanzielle Strukturierung<\/p>\n<\/li>\n<li data-section-id=\"ladb8l\" data-start=\"3818\" data-end=\"3847\">\n<p data-start=\"3820\" data-end=\"3847\">Finanzierungssuche<\/p>\n<\/li>\n<li data-section-id=\"7afth6\" data-start=\"3848\" data-end=\"3891\">\n<p data-start=\"3850\" data-end=\"3891\">Optimierung der Kapitalstruktur<\/p>\n<\/li>\n<li data-section-id=\"np3u84\" data-start=\"3892\" data-end=\"3924\">\n<p data-start=\"3894\" data-end=\"3924\">Fusionen &amp; \u00dcbernahmen (M&amp;A)<\/p>\n<\/li>\n<li data-section-id=\"wb7u5o\" data-start=\"3925\" data-end=\"3968\">\n<p data-start=\"3927\" data-end=\"3968\">Unternehmens\u00fcbertragung und Nachfolge<\/p>\n<\/li>\n<\/ul>\n<p data-start=\"3970\" data-end=\"4093\">Wir agieren als unabh\u00e4ngiger strategischer Berater in Abstimmung mit Rechts- und Steuerpartnern.<\/p>\n\t\t\t\t\t<\/div>\n\t\t\t\t<\/div>\n\t\t\t<\/div>\n\t\t<\/div>\n\t\t\t\t\t\t<\/div>\n\n\t\t\t\n\t\t\t\t<div class=\"lqd-curtain-item d-flex lqd-curtain-item-inactive elementor-repeater-item-be3ae0e\">\n\t\t\t\t\t<h4 class=\"lqd-curtain-item-title d-flex m-0\"><span class=\"lqd-curtain-item-title-inner d-flex align-items-center flex-grow-1 text-vertical\">Family Office &amp; Verm\u00f6gensstrukturierung<\/span><\/h4>\t\t<div class=\"lqd-curtain-item-content d-flex align-items-end\">\n\t\t\t<div class=\"lqd-curtain-item-content-inner\">\n\t\t\t\t<div class=\"lqd-curtain-item-content-width-outer\">\n\t\t\t\t\t<div class=\"lqd-curtain-item-content-width-inner\">\n\t\t\t\t\t\t<h2 data-section-id=\"43c52j\" data-start=\"4100\" data-end=\"4145\">Family Office &amp; Verm\u00f6gensstrukturierung<\/h2>\n<p data-start=\"4147\" data-end=\"4198\">Wir unterst\u00fctzen Familien und Unternehmer bei:<\/p>\n<ul data-start=\"4200\" data-end=\"4449\">\n<li data-section-id=\"1g4u7eu\" data-start=\"4200\" data-end=\"4247\">\n<p data-start=\"4202\" data-end=\"4247\">Der Organisation und Konsolidierung von Verm\u00f6genswerten<\/p>\n<\/li>\n<li data-section-id=\"13hyit4\" data-start=\"4248\" data-end=\"4281\">\n<p data-start=\"4250\" data-end=\"4281\">Der Nachfolgeplanung<\/p>\n<\/li>\n<li data-section-id=\"1hm1x7x\" data-start=\"4282\" data-end=\"4345\">\n<p data-start=\"4284\" data-end=\"4345\">Der Koordination von Experten (Juristen, Steuerberater, Notare)<\/p>\n<\/li>\n<li data-section-id=\"1p3kz7s\" data-start=\"4346\" data-end=\"4420\">\n<p data-start=\"4348\" data-end=\"4420\">Der Einrichtung geeigneter Strukturen (Trusts, Stiftungen, Holdings)<\/p>\n<\/li>\n<li data-section-id=\"1dsecls\" data-start=\"4421\" data-end=\"4449\">\n<p data-start=\"4423\" data-end=\"4449\">Der Family Governance<\/p>\n<\/li>\n<\/ul>\n<p data-start=\"4451\" data-end=\"4520\">Unsere Rolle ist es, Koh\u00e4renz, Stabilit\u00e4t und eine langfristige Vision zu gew\u00e4hrleisten.<\/p>\n\t\t\t\t\t<\/div>\n\t\t\t\t<\/div>\n\t\t\t<\/div>\n\t\t<\/div>\n\t\t\t\t\t\t<\/div>\n\n\t\t\t\n\t\t\t\t<div class=\"lqd-curtain-item d-flex lqd-curtain-item-inactive elementor-repeater-item-276fb5e\">\n\t\t\t\t\t<h4 class=\"lqd-curtain-item-title d-flex m-0\"><span class=\"lqd-curtain-item-title-inner d-flex align-items-center flex-grow-1 text-vertical\">Trade Finance &amp; Advisory<\/span><\/h4>\t\t<div class=\"lqd-curtain-item-content d-flex align-items-end\">\n\t\t\t<div class=\"lqd-curtain-item-content-inner\">\n\t\t\t\t<div class=\"lqd-curtain-item-content-width-outer\">\n\t\t\t\t\t<div class=\"lqd-curtain-item-content-width-inner\">\n\t\t\t\t\t\t<h2 data-section-id=\"13e161s\" data-start=\"4527\" data-end=\"4554\">Trade Finance &amp; Advisory<\/h2>\n<p data-start=\"4556\" data-end=\"4641\">Wir unterst\u00fctzen bei der Strukturierung von Transaktionen im Zusammenhang mit dem internationalen Handel:<\/p>\n<ul data-start=\"4643\" data-end=\"4853\">\n<li data-section-id=\"1wrdj9u\" data-start=\"4643\" data-end=\"4687\">\n<p data-start=\"4645\" data-end=\"4687\">Import-\/Export-Finanzierungsl\u00f6sungen<\/p>\n<\/li>\n<li data-section-id=\"83eqxs\" data-start=\"4688\" data-end=\"4747\">\n<p data-start=\"4690\" data-end=\"4747\">Strukturierung von Garantien und Dokumenteninstrumenten<\/p>\n<\/li>\n<li data-section-id=\"3bk566\" data-start=\"4748\" data-end=\"4793\">\n<p data-start=\"4750\" data-end=\"4793\">Analyse von L\u00e4nder- und Gegenparteirisiken<\/p>\n<\/li>\n<li data-section-id=\"v2x3es\" data-start=\"4794\" data-end=\"4853\">\n<p data-start=\"4796\" data-end=\"4853\">Koordination mit spezialisierten Finanzinstituten<\/p>\n<\/li>\n<\/ul>\n<p data-start=\"4855\" data-end=\"4948\">Jede Transaktion wird einer eingehenden Analyse der rechtlichen und finanziellen Risiken unterzogen.<\/p>\n\t\t\t\t\t<\/div>\n\t\t\t\t<\/div>\n\t\t\t<\/div>\n\t\t<\/div>\n\t\t\t\t\t\t<\/div>\n\n\t\t\t\n\t\t<\/div>\n\n        \t\t\t\t<\/div>\n\t\t\t\t<\/div>\n\t\t\t\t<\/div>\n\t\t\t\t\t<\/div>\n\t\t\t\t<\/div>\n\t\t\t\t<section class=\"elementor-section elementor-top-section elementor-element elementor-element-a97ea59 elementor-section-boxed elementor-section-height-default elementor-section-height-default\" data-id=\"a97ea59\" data-element_type=\"section\" data-e-type=\"section\" data-settings=\"{&quot;background_background&quot;:&quot;classic&quot;}\">\n\t\t\t\t\t\t\t<div class=\"elementor-background-overlay\"><\/div>\n\t\t\t\t\t\t\t<div class=\"elementor-container elementor-column-gap-default\">\n\t\t\t\t\t<div class=\"elementor-column elementor-col-50 elementor-top-column elementor-element elementor-element-d1f65e1\" data-id=\"d1f65e1\" data-element_type=\"column\" data-e-type=\"column\" data-settings=\"{&quot;background_background&quot;:&quot;classic&quot;}\">\n\t\t\t<div class=\"elementor-widget-wrap elementor-element-populated\">\n\t\t\t\t\t\t<div class=\"elementor-element elementor-element-74207af elementor-widget elementor-widget-spacer\" data-id=\"74207af\" data-element_type=\"widget\" data-e-type=\"widget\" data-widget_type=\"spacer.default\">\n\t\t\t\t\t\t\t<div class=\"elementor-spacer\">\n\t\t\t<div class=\"elementor-spacer-inner\"><\/div>\n\t\t<\/div>\n\t\t\t\t\t\t<\/div>\n\t\t\t\t<div class=\"elementor-element elementor-element-34993ce elementor-widget elementor-widget-hub_fancy_heading\" data-id=\"34993ce\" data-element_type=\"widget\" data-e-type=\"widget\" data-widget_type=\"hub_fancy_heading.default\">\n\t\t\t\t<div class=\"elementor-widget-container\">\n\t\t\t\t\t\n\t\t<div id=\"ld-fancy-heading-69dca3cf3e286\" class=\"ld-fancy-heading pos-rel\">\n\t\t\t<h2 class=\"ld-fh-element d-inline-block pos-rel  elementor-heading-title lqd-highlight-classic lqd-highlight-grow-left h2\"  > Lassen Sie uns Ihre Ziele analysieren<\/h2>\t\t<\/div>\n\n\t\t\t\t\t\t<\/div>\n\t\t\t\t<\/div>\n\t\t\t\t<div class=\"elementor-element elementor-element-3698160 elementor-widget elementor-widget-spacer\" data-id=\"3698160\" data-element_type=\"widget\" data-e-type=\"widget\" data-widget_type=\"spacer.default\">\n\t\t\t\t\t\t\t<div class=\"elementor-spacer\">\n\t\t\t<div class=\"elementor-spacer-inner\"><\/div>\n\t\t<\/div>\n\t\t\t\t\t\t<\/div>\n\t\t\t\t<div class=\"elementor-element elementor-element-711dd37 elementor-widget elementor-widget-hub_fancy_heading\" data-id=\"711dd37\" data-element_type=\"widget\" data-e-type=\"widget\" data-widget_type=\"hub_fancy_heading.default\">\n\t\t\t\t<div class=\"elementor-widget-container\">\n\t\t\t\t\t\n\t\t<div id=\"ld-fancy-heading-69dca3cf3eee2\" class=\"ld-fancy-heading pos-rel\">\n\t\t\t<p class=\"ld-fh-element d-inline-block pos-rel  lqd-highlight-classic lqd-highlight-grow-left p\"  > Ein vertrauliches Gespr\u00e4ch erm\u00f6glicht es uns, Ihre Situation zu pr\u00fcfen und eine auf Ihre Ziele zugeschnittene Zusammenarbeit in Betracht zu ziehen.<\/p>\t\t<\/div>\n\n\t\t\t\t\t\t<\/div>\n\t\t\t\t<\/div>\n\t\t\t\t<div class=\"elementor-element elementor-element-563d0f3 elementor-widget elementor-widget-spacer\" data-id=\"563d0f3\" data-element_type=\"widget\" data-e-type=\"widget\" data-widget_type=\"spacer.default\">\n\t\t\t\t\t\t\t<div class=\"elementor-spacer\">\n\t\t\t<div class=\"elementor-spacer-inner\"><\/div>\n\t\t<\/div>\n\t\t\t\t\t\t<\/div>\n\t\t\t\t<div class=\"elementor-element elementor-element-9fe975c elementor-widget elementor-widget-ld_button\" data-id=\"9fe975c\" data-element_type=\"widget\" data-e-type=\"widget\" data-widget_type=\"ld_button.default\">\n\t\t\t\t<div class=\"elementor-widget-container\">\n\t\t\t\t\t\n\t\t\t<a\n\t\t\t\thref=\"\/contactez-nous\/\"class=\"elementor-button btn btn-solid btn-block btn-icon-shaped btn-has-label\"\t\t\t>\n\t\t\t\t\t\t\t\t\t<span data-text=\"Ein vertrauliches Gespr\u00e4ch vereinbaren\" class=\"btn-txt\">\n\t\t\t\t\t\tEin vertrauliches Gespr\u00e4ch vereinbaren\t\t\t\t\t<\/span>\n\t\t\t\t\t\t\t\t\t\t\t<\/a>\n\t\t\t\t\t\t\t<\/div>\n\t\t\t\t<\/div>\n\t\t\t\t<div class=\"elementor-element elementor-element-1b16b47 elementor-widget elementor-widget-spacer\" data-id=\"1b16b47\" data-element_type=\"widget\" data-e-type=\"widget\" data-widget_type=\"spacer.default\">\n\t\t\t\t\t\t\t<div class=\"elementor-spacer\">\n\t\t\t<div class=\"elementor-spacer-inner\"><\/div>\n\t\t<\/div>\n\t\t\t\t\t\t<\/div>\n\t\t\t\t\t<\/div>\n\t\t<\/div>\n\t\t\t\t<div class=\"elementor-column elementor-col-50 elementor-top-column elementor-element elementor-element-b27182e elementor-hidden-tablet elementor-hidden-mobile\" data-id=\"b27182e\" data-element_type=\"column\" data-e-type=\"column\">\n\t\t\t<div class=\"elementor-widget-wrap\">\n\t\t\t\t\t\t\t<\/div>\n\t\t<\/div>\n\t\t\t\t\t<\/div>\n\t\t<\/section>\n\t\t\t\t<\/div>\n\t\t","protected":false},"excerpt":{"rendered":"<p>Expertisen Eine umfassende Expertise zur Strukturierung, zum Schutz und zur Entwicklung des Verm\u00f6gens. Eine Expertise f\u00fcr anspruchsvolle Kunden Terra Financial &amp; Management Services SA begleitet Privat- und Unternehmerkunden bei der Strukturierung ihrer wichtigsten Finanzentscheidungen. Entdecken Sie die Bereiche, in denen wir unsere Kunden begleiten. Klicken Sie auf die einzelnen Abschnitte, um mehr \u00fcber unsere Expertisen [&hellip;]<\/p>\n","protected":false},"author":1,"featured_media":0,"parent":0,"menu_order":0,"comment_status":"closed","ping_status":"closed","template":"","meta":{"footnotes":""},"class_list":["post-1838","page","type-page","status-publish","hentry"],"_links":{"self":[{"href":"https:\/\/terra.biz-dev.swiss\/de\/wp-json\/wp\/v2\/pages\/1838","targetHints":{"allow":["GET"]}}],"collection":[{"href":"https:\/\/terra.biz-dev.swiss\/de\/wp-json\/wp\/v2\/pages"}],"about":[{"href":"https:\/\/terra.biz-dev.swiss\/de\/wp-json\/wp\/v2\/types\/page"}],"author":[{"embeddable":true,"href":"https:\/\/terra.biz-dev.swiss\/de\/wp-json\/wp\/v2\/users\/1"}],"replies":[{"embeddable":true,"href":"https:\/\/terra.biz-dev.swiss\/de\/wp-json\/wp\/v2\/comments?post=1838"}],"version-history":[{"count":1,"href":"https:\/\/terra.biz-dev.swiss\/de\/wp-json\/wp\/v2\/pages\/1838\/revisions"}],"predecessor-version":[{"id":1840,"href":"https:\/\/terra.biz-dev.swiss\/de\/wp-json\/wp\/v2\/pages\/1838\/revisions\/1840"}],"wp:attachment":[{"href":"https:\/\/terra.biz-dev.swiss\/de\/wp-json\/wp\/v2\/media?parent=1838"}],"curies":[{"name":"wp","href":"https:\/\/api.w.org\/{rel}","templated":true}]}}